{"id":31,"date":"2019-07-02T08:15:25","date_gmt":"2019-07-02T08:15:25","guid":{"rendered":"http:\/\/thinkingtree.se\/?page_id=31"},"modified":"2021-10-03T19:18:06","modified_gmt":"2021-10-03T19:18:06","slug":"kontaktuppgifter","status":"publish","type":"page","link":"https:\/\/thinkingtree.se\/index.php\/kontaktuppgifter\/","title":{"rendered":"Kontaktuppgifter"},"content":{"rendered":"<p>Skicka ett mail till oss p\u00e5 <a href=\"mailto:info@oxforddown.se\">info@oxforddown.se<\/a><\/p>\n<p>Eller ta kontakt med oss via v\u00e5r sida p\u00e5 <a href=\"https:\/\/www.facebook.com\/oxforddownforeningen\/?ref=page_internal\">Facebook<\/a><\/p>\n","protected":false},"excerpt":{"rendered":"<p>Skicka ett mail till oss p\u00e5 info@oxforddown.se Eller ta kontakt med oss via v\u00e5r sida p\u00e5 Facebook<\/p>\n","protected":false},"author":2,"featured_media":0,"parent":0,"menu_order":0,"comment_status":"closed","ping_status":"closed","template":"","meta":{"footnotes":""},"class_list":["post-31","page","type-page","status-publish","hentry"],"yoast_head":"<title>Kontaktuppgifter - Oxford Downf\u00f6reningen Sverige<\/title>\n<meta name=\"robots\" content=\"index, follow, max-snippet:-1, max-image-preview:large, max-video-preview:-1\" \/>\n<link rel=\"canonical\" href=\"https:\/\/thinkingtree.se\/index.php\/kontaktuppgifter\/\" \/>\n<meta property=\"og:locale\" content=\"en_US\" \/>\n<meta property=\"og:type\" content=\"article\" \/>\n<meta property=\"og:title\" content=\"Kontaktuppgifter - Oxford Downf\u00f6reningen Sverige\" \/>\n<meta property=\"og:description\" content=\"Skicka ett mail till oss p\u00e5 info@oxforddown.se Eller ta kontakt med oss via v\u00e5r sida p\u00e5 Facebook\" \/>\n<meta property=\"og:url\" content=\"https:\/\/thinkingtree.se\/index.php\/kontaktuppgifter\/\" \/>\n<meta property=\"og:site_name\" content=\"Oxford Downf\u00f6reningen Sverige\" \/>\n<meta property=\"article:modified_time\" content=\"2021-10-03T19:18:06+00:00\" \/>\n<meta name=\"twitter:card\" content=\"summary_large_image\" \/>\n<script type=\"application\/ld+json\" class=\"yoast-schema-graph\">{\"@context\":\"https:\\\/\\\/schema.org\",\"@graph\":[{\"@type\":\"WebPage\",\"@id\":\"https:\\\/\\\/thinkingtree.se\\\/index.php\\\/kontaktuppgifter\\\/\",\"url\":\"https:\\\/\\\/thinkingtree.se\\\/index.php\\\/kontaktuppgifter\\\/\",\"name\":\"Kontaktuppgifter - Oxford Downf\u00f6reningen Sverige\",\"isPartOf\":{\"@id\":\"https:\\\/\\\/thinkingtree.se\\\/#website\"},\"datePublished\":\"2019-07-02T08:15:25+00:00\",\"dateModified\":\"2021-10-03T19:18:06+00:00\",\"breadcrumb\":{\"@id\":\"https:\\\/\\\/thinkingtree.se\\\/index.php\\\/kontaktuppgifter\\\/#breadcrumb\"},\"inLanguage\":\"en-US\",\"potentialAction\":[{\"@type\":\"ReadAction\",\"target\":[\"https:\\\/\\\/thinkingtree.se\\\/index.php\\\/kontaktuppgifter\\\/\"]}]},{\"@type\":\"BreadcrumbList\",\"@id\":\"https:\\\/\\\/thinkingtree.se\\\/index.php\\\/kontaktuppgifter\\\/#breadcrumb\",\"itemListElement\":[{\"@type\":\"ListItem\",\"position\":1,\"name\":\"Home\",\"item\":\"https:\\\/\\\/thinkingtree.se\\\/\"},{\"@type\":\"ListItem\",\"position\":2,\"name\":\"Kontaktuppgifter\"}]},{\"@type\":\"WebSite\",\"@id\":\"https:\\\/\\\/thinkingtree.se\\\/#website\",\"url\":\"https:\\\/\\\/thinkingtree.se\\\/\",\"name\":\"Oxford Downf\u00f6reningen Sverige\",\"description\":\"Oxford down \u00e4r stort, vackert och v\u00e4lsmakande f\u00e5r som dessutom \u00e4r l\u00e4tthanterligt och trevligt.\",\"potentialAction\":[{\"@type\":\"SearchAction\",\"target\":{\"@type\":\"EntryPoint\",\"urlTemplate\":\"https:\\\/\\\/thinkingtree.se\\\/?s={search_term_string}\"},\"query-input\":{\"@type\":\"PropertyValueSpecification\",\"valueRequired\":true,\"valueName\":\"search_term_string\"}}],\"inLanguage\":\"en-US\"}]}<\/script>","yoast_head_json":{"title":"Kontaktuppgifter - Oxford Downf\u00f6reningen Sverige","robots":{"index":"index","follow":"follow","max-snippet":"max-snippet:-1","max-image-preview":"max-image-preview:large","max-video-preview":"max-video-preview:-1"},"canonical":"https:\/\/thinkingtree.se\/index.php\/kontaktuppgifter\/","og_locale":"en_US","og_type":"article","og_title":"Kontaktuppgifter - Oxford Downf\u00f6reningen Sverige","og_description":"Skicka ett mail till oss p\u00e5 info@oxforddown.se Eller ta kontakt med oss via v\u00e5r sida p\u00e5 Facebook","og_url":"https:\/\/thinkingtree.se\/index.php\/kontaktuppgifter\/","og_site_name":"Oxford Downf\u00f6reningen Sverige","article_modified_time":"2021-10-03T19:18:06+00:00","twitter_card":"summary_large_image","schema":{"@context":"https:\/\/schema.org","@graph":[{"@type":"WebPage","@id":"https:\/\/thinkingtree.se\/index.php\/kontaktuppgifter\/","url":"https:\/\/thinkingtree.se\/index.php\/kontaktuppgifter\/","name":"Kontaktuppgifter - Oxford Downf\u00f6reningen Sverige","isPartOf":{"@id":"https:\/\/thinkingtree.se\/#website"},"datePublished":"2019-07-02T08:15:25+00:00","dateModified":"2021-10-03T19:18:06+00:00","breadcrumb":{"@id":"https:\/\/thinkingtree.se\/index.php\/kontaktuppgifter\/#breadcrumb"},"inLanguage":"en-US","potentialAction":[{"@type":"ReadAction","target":["https:\/\/thinkingtree.se\/index.php\/kontaktuppgifter\/"]}]},{"@type":"BreadcrumbList","@id":"https:\/\/thinkingtree.se\/index.php\/kontaktuppgifter\/#breadcrumb","itemListElement":[{"@type":"ListItem","position":1,"name":"Home","item":"https:\/\/thinkingtree.se\/"},{"@type":"ListItem","position":2,"name":"Kontaktuppgifter"}]},{"@type":"WebSite","@id":"https:\/\/thinkingtree.se\/#website","url":"https:\/\/thinkingtree.se\/","name":"Oxford Downf\u00f6reningen Sverige","description":"Oxford down \u00e4r stort, vackert och v\u00e4lsmakande f\u00e5r som dessutom \u00e4r l\u00e4tthanterligt och trevligt.","potentialAction":[{"@type":"SearchAction","target":{"@type":"EntryPoint","urlTemplate":"https:\/\/thinkingtree.se\/?s={search_term_string}"},"query-input":{"@type":"PropertyValueSpecification","valueRequired":true,"valueName":"search_term_string"}}],"inLanguage":"en-US"}]}},"_links":{"self":[{"href":"https:\/\/thinkingtree.se\/index.php\/wp-json\/wp\/v2\/pages\/31","targetHints":{"allow":["GET"]}}],"collection":[{"href":"https:\/\/thinkingtree.se\/index.php\/wp-json\/wp\/v2\/pages"}],"about":[{"href":"https:\/\/thinkingtree.se\/index.php\/wp-json\/wp\/v2\/types\/page"}],"author":[{"embeddable":true,"href":"https:\/\/thinkingtree.se\/index.php\/wp-json\/wp\/v2\/users\/2"}],"replies":[{"embeddable":true,"href":"https:\/\/thinkingtree.se\/index.php\/wp-json\/wp\/v2\/comments?post=31"}],"version-history":[{"count":3,"href":"https:\/\/thinkingtree.se\/index.php\/wp-json\/wp\/v2\/pages\/31\/revisions"}],"predecessor-version":[{"id":98,"href":"https:\/\/thinkingtree.se\/index.php\/wp-json\/wp\/v2\/pages\/31\/revisions\/98"}],"wp:attachment":[{"href":"https:\/\/thinkingtree.se\/index.php\/wp-json\/wp\/v2\/media?parent=31"}],"curies":[{"name":"wp","href":"https:\/\/api.w.org\/{rel}","templated":true}]}}