{"id":50,"date":"2021-09-13T11:40:34","date_gmt":"2021-09-13T11:40:34","guid":{"rendered":"https:\/\/thinkingtree.se\/?page_id=50"},"modified":"2021-10-03T19:15:57","modified_gmt":"2021-10-03T19:15:57","slug":"om-foreningen","status":"publish","type":"page","link":"https:\/\/thinkingtree.se\/index.php\/om-foreningen\/","title":{"rendered":"Om f\u00f6reningen"},"content":{"rendered":"<p>Oxford downf\u00f6reningen vill verka f\u00f6r att utveckla rasen i Sverige. Vi \u00e4r anslutna till svenska f\u00e5ravelsf\u00f6rbundet.<\/p>\n<p>Styrelse:<\/p>\n<p>&nbsp;<\/p>\n","protected":false},"excerpt":{"rendered":"<p>Oxford downf\u00f6reningen vill verka f\u00f6r att utveckla rasen i Sverige. Vi \u00e4r anslutna till svenska f\u00e5ravelsf\u00f6rbundet. Styrelse: &nbsp;<\/p>\n","protected":false},"author":1,"featured_media":0,"parent":0,"menu_order":0,"comment_status":"closed","ping_status":"closed","template":"","meta":{"footnotes":""},"class_list":["post-50","page","type-page","status-publish","hentry"],"yoast_head":"<title>Om f\u00f6reningen - Oxford Downf\u00f6reningen Sverige<\/title>\n<meta name=\"robots\" content=\"index, follow, max-snippet:-1, max-image-preview:large, max-video-preview:-1\" \/>\n<link rel=\"canonical\" href=\"https:\/\/thinkingtree.se\/index.php\/om-foreningen\/\" \/>\n<meta property=\"og:locale\" content=\"en_US\" \/>\n<meta property=\"og:type\" content=\"article\" \/>\n<meta property=\"og:title\" content=\"Om f\u00f6reningen - Oxford Downf\u00f6reningen Sverige\" \/>\n<meta property=\"og:description\" content=\"Oxford downf\u00f6reningen vill verka f\u00f6r att utveckla rasen i Sverige. Vi \u00e4r anslutna till svenska f\u00e5ravelsf\u00f6rbundet. Styrelse: &nbsp;\" \/>\n<meta property=\"og:url\" content=\"https:\/\/thinkingtree.se\/index.php\/om-foreningen\/\" \/>\n<meta property=\"og:site_name\" content=\"Oxford Downf\u00f6reningen Sverige\" \/>\n<meta property=\"article:modified_time\" content=\"2021-10-03T19:15:57+00:00\" \/>\n<meta name=\"twitter:card\" content=\"summary_large_image\" \/>\n<script type=\"application\/ld+json\" class=\"yoast-schema-graph\">{\"@context\":\"https:\\\/\\\/schema.org\",\"@graph\":[{\"@type\":\"WebPage\",\"@id\":\"https:\\\/\\\/thinkingtree.se\\\/index.php\\\/om-foreningen\\\/\",\"url\":\"https:\\\/\\\/thinkingtree.se\\\/index.php\\\/om-foreningen\\\/\",\"name\":\"Om f\u00f6reningen - Oxford Downf\u00f6reningen Sverige\",\"isPartOf\":{\"@id\":\"https:\\\/\\\/thinkingtree.se\\\/#website\"},\"datePublished\":\"2021-09-13T11:40:34+00:00\",\"dateModified\":\"2021-10-03T19:15:57+00:00\",\"breadcrumb\":{\"@id\":\"https:\\\/\\\/thinkingtree.se\\\/index.php\\\/om-foreningen\\\/#breadcrumb\"},\"inLanguage\":\"en-US\",\"potentialAction\":[{\"@type\":\"ReadAction\",\"target\":[\"https:\\\/\\\/thinkingtree.se\\\/index.php\\\/om-foreningen\\\/\"]}]},{\"@type\":\"BreadcrumbList\",\"@id\":\"https:\\\/\\\/thinkingtree.se\\\/index.php\\\/om-foreningen\\\/#breadcrumb\",\"itemListElement\":[{\"@type\":\"ListItem\",\"position\":1,\"name\":\"Home\",\"item\":\"https:\\\/\\\/thinkingtree.se\\\/\"},{\"@type\":\"ListItem\",\"position\":2,\"name\":\"Om f\u00f6reningen\"}]},{\"@type\":\"WebSite\",\"@id\":\"https:\\\/\\\/thinkingtree.se\\\/#website\",\"url\":\"https:\\\/\\\/thinkingtree.se\\\/\",\"name\":\"Oxford Downf\u00f6reningen Sverige\",\"description\":\"Oxford down \u00e4r stort, vackert och v\u00e4lsmakande f\u00e5r som dessutom \u00e4r l\u00e4tthanterligt och trevligt.\",\"potentialAction\":[{\"@type\":\"SearchAction\",\"target\":{\"@type\":\"EntryPoint\",\"urlTemplate\":\"https:\\\/\\\/thinkingtree.se\\\/?s={search_term_string}\"},\"query-input\":{\"@type\":\"PropertyValueSpecification\",\"valueRequired\":true,\"valueName\":\"search_term_string\"}}],\"inLanguage\":\"en-US\"}]}<\/script>","yoast_head_json":{"title":"Om f\u00f6reningen - Oxford Downf\u00f6reningen Sverige","robots":{"index":"index","follow":"follow","max-snippet":"max-snippet:-1","max-image-preview":"max-image-preview:large","max-video-preview":"max-video-preview:-1"},"canonical":"https:\/\/thinkingtree.se\/index.php\/om-foreningen\/","og_locale":"en_US","og_type":"article","og_title":"Om f\u00f6reningen - Oxford Downf\u00f6reningen Sverige","og_description":"Oxford downf\u00f6reningen vill verka f\u00f6r att utveckla rasen i Sverige. Vi \u00e4r anslutna till svenska f\u00e5ravelsf\u00f6rbundet. Styrelse: &nbsp;","og_url":"https:\/\/thinkingtree.se\/index.php\/om-foreningen\/","og_site_name":"Oxford Downf\u00f6reningen Sverige","article_modified_time":"2021-10-03T19:15:57+00:00","twitter_card":"summary_large_image","schema":{"@context":"https:\/\/schema.org","@graph":[{"@type":"WebPage","@id":"https:\/\/thinkingtree.se\/index.php\/om-foreningen\/","url":"https:\/\/thinkingtree.se\/index.php\/om-foreningen\/","name":"Om f\u00f6reningen - Oxford Downf\u00f6reningen Sverige","isPartOf":{"@id":"https:\/\/thinkingtree.se\/#website"},"datePublished":"2021-09-13T11:40:34+00:00","dateModified":"2021-10-03T19:15:57+00:00","breadcrumb":{"@id":"https:\/\/thinkingtree.se\/index.php\/om-foreningen\/#breadcrumb"},"inLanguage":"en-US","potentialAction":[{"@type":"ReadAction","target":["https:\/\/thinkingtree.se\/index.php\/om-foreningen\/"]}]},{"@type":"BreadcrumbList","@id":"https:\/\/thinkingtree.se\/index.php\/om-foreningen\/#breadcrumb","itemListElement":[{"@type":"ListItem","position":1,"name":"Home","item":"https:\/\/thinkingtree.se\/"},{"@type":"ListItem","position":2,"name":"Om f\u00f6reningen"}]},{"@type":"WebSite","@id":"https:\/\/thinkingtree.se\/#website","url":"https:\/\/thinkingtree.se\/","name":"Oxford Downf\u00f6reningen Sverige","description":"Oxford down \u00e4r stort, vackert och v\u00e4lsmakande f\u00e5r som dessutom \u00e4r l\u00e4tthanterligt och trevligt.","potentialAction":[{"@type":"SearchAction","target":{"@type":"EntryPoint","urlTemplate":"https:\/\/thinkingtree.se\/?s={search_term_string}"},"query-input":{"@type":"PropertyValueSpecification","valueRequired":true,"valueName":"search_term_string"}}],"inLanguage":"en-US"}]}},"_links":{"self":[{"href":"https:\/\/thinkingtree.se\/index.php\/wp-json\/wp\/v2\/pages\/50","targetHints":{"allow":["GET"]}}],"collection":[{"href":"https:\/\/thinkingtree.se\/index.php\/wp-json\/wp\/v2\/pages"}],"about":[{"href":"https:\/\/thinkingtree.se\/index.php\/wp-json\/wp\/v2\/types\/page"}],"author":[{"embeddable":true,"href":"https:\/\/thinkingtree.se\/index.php\/wp-json\/wp\/v2\/users\/1"}],"replies":[{"embeddable":true,"href":"https:\/\/thinkingtree.se\/index.php\/wp-json\/wp\/v2\/comments?post=50"}],"version-history":[{"count":2,"href":"https:\/\/thinkingtree.se\/index.php\/wp-json\/wp\/v2\/pages\/50\/revisions"}],"predecessor-version":[{"id":97,"href":"https:\/\/thinkingtree.se\/index.php\/wp-json\/wp\/v2\/pages\/50\/revisions\/97"}],"wp:attachment":[{"href":"https:\/\/thinkingtree.se\/index.php\/wp-json\/wp\/v2\/media?parent=50"}],"curies":[{"name":"wp","href":"https:\/\/api.w.org\/{rel}","templated":true}]}}