{"id":78,"date":"2021-10-03T18:11:34","date_gmt":"2021-10-03T18:11:34","guid":{"rendered":"http:\/\/thinkingtree.se\/?page_id=78"},"modified":"2021-10-03T19:29:01","modified_gmt":"2021-10-03T19:29:01","slug":"oxford-downforeningen-sverige","status":"publish","type":"page","link":"https:\/\/thinkingtree.se\/","title":{"rendered":"Oxford Downf\u00f6reningen Sverige"},"content":{"rendered":"<p><img loading=\"lazy\" decoding=\"async\" class=\"alignnone size-medium wp-image-70\" src=\"http:\/\/thinkingtree.se\/wp-content\/uploads\/2021\/10\/lamm_od-1-225x300.jpeg\" alt=\"\" width=\"225\" height=\"300\" srcset=\"https:\/\/thinkingtree.se\/wp-content\/uploads\/2021\/10\/lamm_od-1-225x300.jpeg 225w, https:\/\/thinkingtree.se\/wp-content\/uploads\/2021\/10\/lamm_od-1-768x1024.jpeg 768w, https:\/\/thinkingtree.se\/wp-content\/uploads\/2021\/10\/lamm_od-1-1152x1536.jpeg 1152w, https:\/\/thinkingtree.se\/wp-content\/uploads\/2021\/10\/lamm_od-1.jpeg 1322w\" sizes=\"auto, (max-width: 225px) 100vw, 225px\" \/><\/p>\n<p>Oxford downf\u00f6reningen har \u00e5teruppst\u00e5tt!<\/p>\n<p>V\u00e4lkommen till f\u00f6reningens hemsida.<\/p>\n<p>Vi vill arbeta f\u00f6r att h\u00f6ja statusen p\u00e5 Oxford Down i Sverige, samt verka f\u00f6r rasens utveckling fram\u00f6ver.<\/p>\n<p><a href=\"https:\/\/thinkingtree.se\/index.php\/2019\/06\/04\/hello-world\/\">Se v\u00e5r senaste post om hur du blir medlem i f\u00f6reningen!<\/a><\/p>\n<p>&nbsp;<\/p>\n<p>&nbsp;<\/p>\n","protected":false},"excerpt":{"rendered":"<p>Oxford downf\u00f6reningen har \u00e5teruppst\u00e5tt! V\u00e4lkommen till f\u00f6reningens hemsida. Vi vill arbeta f\u00f6r att h\u00f6ja statusen p\u00e5 Oxford Down i Sverige, samt verka f\u00f6r rasens utveckling fram\u00f6ver. Se v\u00e5r senaste post om hur du blir medlem i f\u00f6reningen! &nbsp; &nbsp;<\/p>\n","protected":false},"author":1,"featured_media":0,"parent":0,"menu_order":0,"comment_status":"closed","ping_status":"closed","template":"","meta":{"footnotes":""},"class_list":["post-78","page","type-page","status-publish","hentry"],"yoast_head":"<title>Oxford Downf\u00f6reningen Sverige - Oxford Downf\u00f6reningen Sverige<\/title>\n<meta name=\"robots\" content=\"index, follow, max-snippet:-1, max-image-preview:large, max-video-preview:-1\" \/>\n<link rel=\"canonical\" href=\"https:\/\/thinkingtree.se\/\" \/>\n<meta property=\"og:locale\" content=\"en_US\" \/>\n<meta property=\"og:type\" content=\"article\" \/>\n<meta property=\"og:title\" content=\"Oxford Downf\u00f6reningen Sverige - Oxford Downf\u00f6reningen Sverige\" \/>\n<meta property=\"og:description\" content=\"Oxford downf\u00f6reningen har \u00e5teruppst\u00e5tt! V\u00e4lkommen till f\u00f6reningens hemsida. Vi vill arbeta f\u00f6r att h\u00f6ja statusen p\u00e5 Oxford Down i Sverige, samt verka f\u00f6r rasens utveckling fram\u00f6ver. Se v\u00e5r senaste post om hur du blir medlem i f\u00f6reningen! &nbsp; &nbsp;\" \/>\n<meta property=\"og:url\" content=\"https:\/\/thinkingtree.se\/\" \/>\n<meta property=\"og:site_name\" content=\"Oxford Downf\u00f6reningen Sverige\" \/>\n<meta property=\"article:modified_time\" content=\"2021-10-03T19:29:01+00:00\" \/>\n<meta property=\"og:image\" content=\"http:\/\/thinkingtree.se\/wp-content\/uploads\/2021\/10\/lamm_od-1-225x300.jpeg\" \/>\n<meta name=\"twitter:card\" content=\"summary_large_image\" \/>\n<script type=\"application\/ld+json\" class=\"yoast-schema-graph\">{\"@context\":\"https:\\\/\\\/schema.org\",\"@graph\":[{\"@type\":\"WebPage\",\"@id\":\"https:\\\/\\\/thinkingtree.se\\\/\",\"url\":\"https:\\\/\\\/thinkingtree.se\\\/\",\"name\":\"Oxford Downf\u00f6reningen Sverige - Oxford Downf\u00f6reningen Sverige\",\"isPartOf\":{\"@id\":\"https:\\\/\\\/thinkingtree.se\\\/#website\"},\"primaryImageOfPage\":{\"@id\":\"https:\\\/\\\/thinkingtree.se\\\/#primaryimage\"},\"image\":{\"@id\":\"https:\\\/\\\/thinkingtree.se\\\/#primaryimage\"},\"thumbnailUrl\":\"http:\\\/\\\/thinkingtree.se\\\/wp-content\\\/uploads\\\/2021\\\/10\\\/lamm_od-1-225x300.jpeg\",\"datePublished\":\"2021-10-03T18:11:34+00:00\",\"dateModified\":\"2021-10-03T19:29:01+00:00\",\"breadcrumb\":{\"@id\":\"https:\\\/\\\/thinkingtree.se\\\/#breadcrumb\"},\"inLanguage\":\"en-US\",\"potentialAction\":[{\"@type\":\"ReadAction\",\"target\":[\"https:\\\/\\\/thinkingtree.se\\\/\"]}]},{\"@type\":\"ImageObject\",\"inLanguage\":\"en-US\",\"@id\":\"https:\\\/\\\/thinkingtree.se\\\/#primaryimage\",\"url\":\"http:\\\/\\\/thinkingtree.se\\\/wp-content\\\/uploads\\\/2021\\\/10\\\/lamm_od-1-225x300.jpeg\",\"contentUrl\":\"http:\\\/\\\/thinkingtree.se\\\/wp-content\\\/uploads\\\/2021\\\/10\\\/lamm_od-1-225x300.jpeg\"},{\"@type\":\"BreadcrumbList\",\"@id\":\"https:\\\/\\\/thinkingtree.se\\\/#breadcrumb\",\"itemListElement\":[{\"@type\":\"ListItem\",\"position\":1,\"name\":\"Home\",\"item\":\"https:\\\/\\\/thinkingtree.se\\\/\"},{\"@type\":\"ListItem\",\"position\":2,\"name\":\"Oxford Downf\u00f6reningen Sverige\"}]},{\"@type\":\"WebSite\",\"@id\":\"https:\\\/\\\/thinkingtree.se\\\/#website\",\"url\":\"https:\\\/\\\/thinkingtree.se\\\/\",\"name\":\"Oxford Downf\u00f6reningen Sverige\",\"description\":\"Oxford down \u00e4r stort, vackert och v\u00e4lsmakande f\u00e5r som dessutom \u00e4r l\u00e4tthanterligt och trevligt.\",\"potentialAction\":[{\"@type\":\"SearchAction\",\"target\":{\"@type\":\"EntryPoint\",\"urlTemplate\":\"https:\\\/\\\/thinkingtree.se\\\/?s={search_term_string}\"},\"query-input\":{\"@type\":\"PropertyValueSpecification\",\"valueRequired\":true,\"valueName\":\"search_term_string\"}}],\"inLanguage\":\"en-US\"}]}<\/script>","yoast_head_json":{"title":"Oxford Downf\u00f6reningen Sverige - Oxford Downf\u00f6reningen Sverige","robots":{"index":"index","follow":"follow","max-snippet":"max-snippet:-1","max-image-preview":"max-image-preview:large","max-video-preview":"max-video-preview:-1"},"canonical":"https:\/\/thinkingtree.se\/","og_locale":"en_US","og_type":"article","og_title":"Oxford Downf\u00f6reningen Sverige - Oxford Downf\u00f6reningen Sverige","og_description":"Oxford downf\u00f6reningen har \u00e5teruppst\u00e5tt! V\u00e4lkommen till f\u00f6reningens hemsida. Vi vill arbeta f\u00f6r att h\u00f6ja statusen p\u00e5 Oxford Down i Sverige, samt verka f\u00f6r rasens utveckling fram\u00f6ver. Se v\u00e5r senaste post om hur du blir medlem i f\u00f6reningen! &nbsp; &nbsp;","og_url":"https:\/\/thinkingtree.se\/","og_site_name":"Oxford Downf\u00f6reningen Sverige","article_modified_time":"2021-10-03T19:29:01+00:00","og_image":[{"url":"http:\/\/thinkingtree.se\/wp-content\/uploads\/2021\/10\/lamm_od-1-225x300.jpeg","type":"","width":"","height":""}],"twitter_card":"summary_large_image","schema":{"@context":"https:\/\/schema.org","@graph":[{"@type":"WebPage","@id":"https:\/\/thinkingtree.se\/","url":"https:\/\/thinkingtree.se\/","name":"Oxford Downf\u00f6reningen Sverige - Oxford Downf\u00f6reningen Sverige","isPartOf":{"@id":"https:\/\/thinkingtree.se\/#website"},"primaryImageOfPage":{"@id":"https:\/\/thinkingtree.se\/#primaryimage"},"image":{"@id":"https:\/\/thinkingtree.se\/#primaryimage"},"thumbnailUrl":"http:\/\/thinkingtree.se\/wp-content\/uploads\/2021\/10\/lamm_od-1-225x300.jpeg","datePublished":"2021-10-03T18:11:34+00:00","dateModified":"2021-10-03T19:29:01+00:00","breadcrumb":{"@id":"https:\/\/thinkingtree.se\/#breadcrumb"},"inLanguage":"en-US","potentialAction":[{"@type":"ReadAction","target":["https:\/\/thinkingtree.se\/"]}]},{"@type":"ImageObject","inLanguage":"en-US","@id":"https:\/\/thinkingtree.se\/#primaryimage","url":"http:\/\/thinkingtree.se\/wp-content\/uploads\/2021\/10\/lamm_od-1-225x300.jpeg","contentUrl":"http:\/\/thinkingtree.se\/wp-content\/uploads\/2021\/10\/lamm_od-1-225x300.jpeg"},{"@type":"BreadcrumbList","@id":"https:\/\/thinkingtree.se\/#breadcrumb","itemListElement":[{"@type":"ListItem","position":1,"name":"Home","item":"https:\/\/thinkingtree.se\/"},{"@type":"ListItem","position":2,"name":"Oxford Downf\u00f6reningen Sverige"}]},{"@type":"WebSite","@id":"https:\/\/thinkingtree.se\/#website","url":"https:\/\/thinkingtree.se\/","name":"Oxford Downf\u00f6reningen Sverige","description":"Oxford down \u00e4r stort, vackert och v\u00e4lsmakande f\u00e5r som dessutom \u00e4r l\u00e4tthanterligt och trevligt.","potentialAction":[{"@type":"SearchAction","target":{"@type":"EntryPoint","urlTemplate":"https:\/\/thinkingtree.se\/?s={search_term_string}"},"query-input":{"@type":"PropertyValueSpecification","valueRequired":true,"valueName":"search_term_string"}}],"inLanguage":"en-US"}]}},"_links":{"self":[{"href":"https:\/\/thinkingtree.se\/index.php\/wp-json\/wp\/v2\/pages\/78","targetHints":{"allow":["GET"]}}],"collection":[{"href":"https:\/\/thinkingtree.se\/index.php\/wp-json\/wp\/v2\/pages"}],"about":[{"href":"https:\/\/thinkingtree.se\/index.php\/wp-json\/wp\/v2\/types\/page"}],"author":[{"embeddable":true,"href":"https:\/\/thinkingtree.se\/index.php\/wp-json\/wp\/v2\/users\/1"}],"replies":[{"embeddable":true,"href":"https:\/\/thinkingtree.se\/index.php\/wp-json\/wp\/v2\/comments?post=78"}],"version-history":[{"count":6,"href":"https:\/\/thinkingtree.se\/index.php\/wp-json\/wp\/v2\/pages\/78\/revisions"}],"predecessor-version":[{"id":107,"href":"https:\/\/thinkingtree.se\/index.php\/wp-json\/wp\/v2\/pages\/78\/revisions\/107"}],"wp:attachment":[{"href":"https:\/\/thinkingtree.se\/index.php\/wp-json\/wp\/v2\/media?parent=78"}],"curies":[{"name":"wp","href":"https:\/\/api.w.org\/{rel}","templated":true}]}}